{"id":12,"date":"2015-01-30T22:09:39","date_gmt":"2015-01-30T22:09:39","guid":{"rendered":"http:\/\/dominiqueouzilleau.com\/?page_id=12"},"modified":"2024-09-12T16:08:47","modified_gmt":"2024-09-12T16:08:47","slug":"home-7","status":"publish","type":"page","link":"http:\/\/dominiqueouzilleau.com\/","title":{"rendered":"home"},"content":{"rendered":"<div  data-q_id=\"#L'HISTOIRE\"   class=\"vc_row wpb_row section vc_row-fluid grid_section\" style='background-color:#ffffff; padding-top:30px; padding-bottom:20px; text-align:left;'><div class=\" section_inner clearfix\"><div class='section_inner_margin clearfix'>\n\t<div class=\"vc_col-sm-12 wpb_column vc_column_container\">\n\t\t<div class=\"wpb_wrapper\">\n\t\t\t<div class=\"separator  transparent center  \" style=\"margin-top: 30px;\"><\/div>\n\n\t<div class=\"wpb_text_column wpb_content_element \">\n\t\t<div class=\"wpb_wrapper\">\n\t\t\t<h2 style=\"text-align: center;\"><span style=\"color: #848484;\">L&#8217;HISTOIRE<\/span><\/h2>\n\n\t\t<\/div> \n\t<\/div> <div class=\"separator  small center  \" style=\"margin-top: 21px;margin-bottom: 0px;background-color: #848484;height: 1px;\"><\/div>\n\n\t\t<\/div> \n\t<\/div> \n<\/div><\/div><\/div><div    class=\"vc_row wpb_row section vc_row-fluid grid_section\" style='background-color:#ffffff; padding-top:20px; padding-bottom:120px; text-align:left;'><div class=\" section_inner clearfix\"><div class='section_inner_margin clearfix'>\n\t<div class=\"vc_col-sm-6 wpb_column vc_column_container\">\n\t\t<div class=\"wpb_wrapper\">\n\t\t\t\n\t<div class=\"wpb_text_column wpb_content_element \">\n\t\t<div class=\"wpb_wrapper\">\n\t\t\t<p class=\"p1\">H\u00e9ritage familial, fabricant de troisi\u00e8me g\u00e9n\u00e9ration, depuis 30 ans, Dominique\u00a0Ouzilleau recherche, exp\u00e9rimente et cr\u00e9e des techniques uniques.<br \/>\nIl est un\u00a0des seuls designers \u00e0 ma\u00eetriser parfaitement toutes les \u00e9tapes de fabrication\u00a0de v\u00eatements de fourrures. Plus qu\u2019un simple nom, il r\u00e9invente\u00a0continuellement la fa\u00e7on de fabriquer.<\/p>\n<p class=\"p1\">Reconnu au Qu\u00e9bec et \u00e0 l\u2019international, il collabore avec de grandes maisons\u00a0telles que F\u00e9raud, Lagerfeld, Chanel, Lacroix, Givenchy, Fendi. Ses\u00a0techniques tr\u00e8s personnelles et son savoir-faire de haut niveau offrent aux\u00a0grands couturiers la possibilit\u00e9 d\u2019explorer de nouvelles approches pour la\u00a0conception de leurs fourrures.<\/p>\n<p class=\"p1\">Aujourd\u2019hui, il incarne le sens du raffinement avec un service sur-mesure\u00a0f\u00e9minin et masculin offrant des mod\u00e8les allant du classique au sophistiqu\u00e9.<\/p>\n<p class=\"p1\">Dominique Ouzilleau \u00e9l\u00e8ve le recyclage de fourrures au rang de l\u2019art. Un\u00a0rapport qualit\u00e9\/prix nettement sup\u00e9rieur et une garantie sur toutes les\u00a0confections.<\/p>\n\n\t\t<\/div> \n\t<\/div> \n\t\t<\/div> \n\t<\/div> \n\n\t<div class=\"vc_col-sm-6 wpb_column vc_column_container\">\n\t\t<div class=\"wpb_wrapper\">\n\t\t\t\n\t<div class=\"wpb_single_image wpb_content_element vc_align_right\">\n\t\t<div>\n\t\t<div class=\"wpb_wrapper\">\n\t\t\t\n\t\t\t<img loading=\"lazy\" decoding=\"async\" width=\"1024\" height=\"843\" src=\"http:\/\/dominiqueouzilleau.com\/wp-content\/uploads\/2015\/01\/histoire_do_1-1024x843.jpg\" class=\" vc_box_border_grey attachment-large\" alt=\"\" srcset=\"http:\/\/dominiqueouzilleau.com\/wp-content\/uploads\/2015\/01\/histoire_do_1-1024x843.jpg 1024w, http:\/\/dominiqueouzilleau.com\/wp-content\/uploads\/2015\/01\/histoire_do_1-300x247.jpg 300w, http:\/\/dominiqueouzilleau.com\/wp-content\/uploads\/2015\/01\/histoire_do_1-700x576.jpg 700w, http:\/\/dominiqueouzilleau.com\/wp-content\/uploads\/2015\/01\/histoire_do_1.jpg 1088w\" sizes=\"auto, (max-width: 1024px) 100vw, 1024px\" \/>\n\t\t<\/div> \n\t\t<\/div>\n\t<\/div> \n\t\t<\/div> \n\t<\/div> \n<\/div><\/div><\/div><div  data-q_id=\"#LE RECYCLAGE\"   class=\"vc_row wpb_row section vc_row-fluid grid_section\" style='background-color:#f2f2f2; padding-top:40px; padding-bottom:20px; text-align:left;'><div class=\" section_inner clearfix\"><div class='section_inner_margin clearfix'>\n\t<div class=\"vc_col-sm-12 wpb_column vc_column_container\">\n\t\t<div class=\"wpb_wrapper\">\n\t\t\t<div class=\"separator  transparent center  \" style=\"margin-top: 30px;\"><\/div>\n\n\t<div class=\"wpb_text_column wpb_content_element \">\n\t\t<div class=\"wpb_wrapper\">\n\t\t\t<h2 style=\"text-align: center;\"><span style=\"color: #848484;\">LE RECYCLAGE<\/span><\/h2>\n\n\t\t<\/div> \n\t<\/div> <div class=\"separator  small center  \" style=\"margin-top: 21px;margin-bottom: 0px;background-color: #848484;height: 1px;\"><\/div>\n\n\t\t<\/div> \n\t<\/div> \n<\/div><\/div><\/div><div    class=\"vc_row wpb_row section vc_row-fluid grid_section\" style='background-color:#f2f2f2; padding-top:20px; padding-bottom:120px; text-align:left;'><div class=\" section_inner clearfix\"><div class='section_inner_margin clearfix'>\n\t<div class=\"vc_col-sm-6 wpb_column vc_column_container\">\n\t\t<div class=\"wpb_wrapper\">\n\t\t\t\n\t<div class=\"wpb_text_column wpb_content_element \">\n\t\t<div class=\"wpb_wrapper\">\n\t\t\t<p class=\"p1\">L\u2019avenir de la fourrure passe par son recyclage. Cette mati\u00e8re naturelle,<\/p>\n<p class=\"p1\">durable et ind\u00e9modable s\u2019int\u00e8gre parfaitement dans le contexte social actuel.<\/p>\n<p class=\"p1\">Le recyclage de fourrure gagne en popularit\u00e9, c\u2019est une fa\u00e7on g\u00e9niale\u00a0de\u00a0rendre la fourrure accessible. La mode est \u00e0 la r\u00e9cup\u00e9ration.<\/p>\n<p class=\"p1\">C\u2019est pourquoi Dominique Ouzilleau et son \u00e9quipe vous invitent \u00e0 son atelier-boutique\u00a0pour vous informer habilement sur l\u2019avenir d\u00e9j\u00e0 progressant du\u00a0recyclage des fourrures usag\u00e9es de toutes sortes.<\/p>\n<p class=\"p1\">D\u00e9couvrez Dominique Ouzilleau. Le manteau de Grand-m\u00e8re n\u2019aura jamais\u00a0eu si belle allure. Le temps est au recyclage de fourrures.<\/p>\n\n\t\t<\/div> \n\t<\/div> \n\t\t<\/div> \n\t<\/div> \n\n\t<div class=\"vc_col-sm-6 wpb_column vc_column_container\">\n\t\t<div class=\"wpb_wrapper\">\n\t\t\t\n\t<div class=\"wpb_single_image wpb_content_element vc_align_right\">\n\t\t<div>\n\t\t<div class=\"wpb_wrapper\">\n\t\t\t\n\t\t\t<img loading=\"lazy\" decoding=\"async\" width=\"1024\" height=\"521\" src=\"http:\/\/dominiqueouzilleau.com\/wp-content\/uploads\/2015\/01\/fourrure21-1024x521.jpg\" class=\" vc_box_border_grey attachment-large\" alt=\"\" srcset=\"http:\/\/dominiqueouzilleau.com\/wp-content\/uploads\/2015\/01\/fourrure21-1024x521.jpg 1024w, http:\/\/dominiqueouzilleau.com\/wp-content\/uploads\/2015\/01\/fourrure21-300x153.jpg 300w, http:\/\/dominiqueouzilleau.com\/wp-content\/uploads\/2015\/01\/fourrure21-700x356.jpg 700w, http:\/\/dominiqueouzilleau.com\/wp-content\/uploads\/2015\/01\/fourrure21.jpg 1097w\" sizes=\"auto, (max-width: 1024px) 100vw, 1024px\" \/>\n\t\t<\/div> \n\t\t<\/div>\n\t<\/div> \n\t\t<\/div> \n\t<\/div> \n<\/div><\/div><\/div><div  data-q_id=\"#CONTACT\"   class=\"vc_row wpb_row section vc_row-fluid grid_section\" style='background-color:#ffffff;background-image:url(http:\/\/dominiqueouzilleau.com\/wp-content\/uploads\/2015\/01\/bandeau_contact.jpg); padding-top:65px; text-align:left;'><div class=\" section_inner clearfix\"><div class='section_inner_margin clearfix'>\n\t<div class=\"vc_col-sm-12 wpb_column vc_column_container\">\n\t\t<div class=\"wpb_wrapper\">\n\t\t\t<div class=\"separator  transparent center  \" style=\"margin-top: 30px;\"><\/div>\n\n\t<div class=\"wpb_text_column wpb_content_element \">\n\t\t<div class=\"wpb_wrapper\">\n\t\t\t<h2 style=\"text-align: center;\"><span style=\"color: #ffffff;\">CONTACTEZ NOUS<\/span><\/h2>\n\n\t\t<\/div> \n\t<\/div> <div class=\"separator  small center  \" style=\"margin-top: 21px;margin-bottom: 78px;background-color: #ffffff;height: 1px;\"><\/div>\n<div    class=\"vc_row wpb_row section vc_inner vc_row-fluid\" style=' text-align:left;'><div class=\" full_section_inner clearfix\">\n\t<div class=\"vc_col-sm-4 wpb_column vc_column_container\">\n\t\t<div class=\"wpb_wrapper\">\n\t\t\t<div class='q_icon_with_title medium normal_icon center'><div class=\"icon_holder \" style=\" \"><span style=\"\" class=\"q_font_awsome_icon fa-3x \"><i class=\"fa fa-map-marker\" style=\"color: #ffffff;\"><\/i><\/span><\/div><div class=\"icon_text_holder\" style=\"\"><div class=\"icon_text_inner\" style=\"\"><h5 class=\"icon_title\" style=\"\"><\/h5><p style='color: #ffffff'>5128 Avenue du Parc, Montr\u00e9al, QC, H2V 4G5 CANADA <\/p><\/div><\/div><\/div><div class=\"separator  transparent center  \" style=\"margin-top: 99px;margin-bottom: 0px;\"><\/div>\n\n\t\t<\/div> \n\t<\/div> \n\n\t<div class=\"vc_col-sm-4 wpb_column vc_column_container\">\n\t\t<div class=\"wpb_wrapper\">\n\t\t\t<div class='q_icon_with_title medium normal_icon center'><div class=\"icon_holder \" style=\" \"><span style=\"\" class=\"q_font_awsome_icon fa-3x \"><i class=\"fa fa-phone\" style=\"color: #ffffff;\"><\/i><\/span><\/div><div class=\"icon_text_holder\" style=\"\"><div class=\"icon_text_inner\" style=\"\"><h5 class=\"icon_title\" style=\"\"><\/h5><p style='color: #ffffff'>438 458 1195<\/p><\/div><\/div><\/div><div class=\"separator  transparent center  \" style=\"margin-top: 99px;margin-bottom: 0px;\"><\/div>\n\n\t\t<\/div> \n\t<\/div> \n\n\t<div class=\"vc_col-sm-4 wpb_column vc_column_container\">\n\t\t<div class=\"wpb_wrapper\">\n\t\t\t<div class='q_icon_with_title medium normal_icon center'><div class=\"icon_holder \" style=\" \"><span style=\"\" class=\"q_font_awsome_icon fa-3x \"><i class=\"fa fa-envelope-o\" style=\"color: #ffffff;\"><\/i><\/span><\/div><div class=\"icon_text_holder\" style=\"\"><div class=\"icon_text_inner\" style=\"\"><h5 class=\"icon_title\" style=\"\"><\/h5><p style='color: #ffffff'>ouzilleaud@gmail.com<\/p><\/div><\/div><\/div><div class=\"separator  transparent center  \" style=\"margin-top: 99px;margin-bottom: 0px;\"><\/div>\n\n\t\t<\/div> \n\t<\/div> \n<\/div><\/div>\n\t\t<\/div> \n\t<\/div> \n<\/div><\/div><\/div><div  data-q_id=\"#CONTACT\"   class=\"vc_row wpb_row section vc_row-fluid grid_section\" style='background-color:#ffffff; padding-top:40px; text-align:left;'><div class=\" section_inner clearfix\"><div class='section_inner_margin clearfix'>\n\t<div class=\"vc_col-sm-4 wpb_column vc_column_container\">\n\t\t<div class=\"wpb_wrapper\">\n\t\t\t<div class=\"separator  transparent left  \" style=\"margin-top: 21px;margin-bottom: 9px;\"><\/div>\n\n\t<div class=\"wpb_text_column wpb_content_element \">\n\t\t<div class=\"wpb_wrapper\">\n\t\t\t<p>5128 Avenue du Parc,<br \/>\n<span style=\"line-height: 1.5;\">Montr\u00e9al, QC, H2V 4G5<br \/>\n<\/span><span style=\"line-height: 1.5;\">CANADA<\/span><\/p>\n<p>T: 438-458-1195<\/p>\n<p><span class='q_social_icon_holder normal_social' ><a href='https:\/\/www.facebook.com\/pages\/Dominique-Ouzilleau\/165118940292712?fref=ts' target='_self'><i class='fa fa-facebook fa-lg simple_social' style='color: #3d3d3d;'><\/i><\/a><\/span><span class='q_social_icon_holder normal_social' ><a href='https:\/\/plus.google.com\/103979575830188510167\/about?gl=ca&amp;hl=fr' target='_self'><i class='fa fa-google-plus fa-lg simple_social' style='color: #3d3d3d;'><\/i><\/a><\/span><\/p>\n\n\t\t<\/div> \n\t<\/div> <div class=\"separator  transparent left  \" style=\"margin-top: 17px;\"><\/div>\n\n\t<div class=\"wpb_text_column wpb_content_element \">\n\t\t<div class=\"wpb_wrapper\">\n\t\t\t\n\t\t<\/div> \n\t<\/div> \n\t\t<\/div> \n\t<\/div> \n\n\t<div class=\"vc_col-sm-8 wpb_column vc_column_container\">\n\t\t<div class=\"wpb_wrapper\">\n\t\t\t\n\t<div class=\"wpb_text_column wpb_content_element \">\n\t\t<div class=\"wpb_wrapper\">\n\t\t\t<div class=\"separator  transparent center  \" style=\"margin-top: 40px;margin-bottom: 0px;\"><\/div>\n\n\t<div class=\"wpb_text_column wpb_content_element \">\n\t\t<div class=\"wpb_wrapper\">\n\t\t\t\n\t\t<\/div> \n\t<\/div> \n<div class=\"wpcf7 no-js\" id=\"wpcf7-f15311-o1\" lang=\"en-US\" dir=\"ltr\" data-wpcf7-id=\"15311\">\n<div class=\"screen-reader-response\"><p role=\"status\" aria-live=\"polite\" aria-atomic=\"true\"><\/p> <ul><\/ul><\/div>\n<form action=\"\/index.php?rest_route=%2Fwp%2Fv2%2Fpages%2F12#wpcf7-f15311-o1\" method=\"post\" class=\"wpcf7-form init\" aria-label=\"Contact form\" novalidate=\"novalidate\" data-status=\"init\">\n<fieldset class=\"hidden-fields-container\"><input type=\"hidden\" name=\"_wpcf7\" value=\"15311\" \/><input type=\"hidden\" name=\"_wpcf7_version\" value=\"6.1.4\" \/><input type=\"hidden\" name=\"_wpcf7_locale\" value=\"en_US\" \/><input type=\"hidden\" name=\"_wpcf7_unit_tag\" value=\"wpcf7-f15311-o1\" \/><input type=\"hidden\" name=\"_wpcf7_container_post\" value=\"0\" \/><input type=\"hidden\" name=\"_wpcf7_posted_data_hash\" value=\"\" \/>\n<\/fieldset>\n<p>Nom (obligatoire)\n<\/p>\n<p><span class=\"wpcf7-form-control-wrap\" data-name=\"your-name\"><input size=\"40\" maxlength=\"400\" class=\"wpcf7-form-control wpcf7-text wpcf7-validates-as-required\" aria-required=\"true\" aria-invalid=\"false\" value=\"\" type=\"text\" name=\"your-name\" \/><\/span>\n<\/p>\n<p>Email (obligatoire)\n<\/p>\n<p><span class=\"wpcf7-form-control-wrap\" data-name=\"your-email\"><input size=\"40\" maxlength=\"400\" class=\"wpcf7-form-control wpcf7-email wpcf7-validates-as-required wpcf7-text wpcf7-validates-as-email\" aria-required=\"true\" aria-invalid=\"false\" value=\"\" type=\"email\" name=\"your-email\" \/><\/span>\n<\/p>\n<p>Sujet\n<\/p>\n<p><span class=\"wpcf7-form-control-wrap\" data-name=\"your-subject\"><input size=\"40\" maxlength=\"400\" class=\"wpcf7-form-control wpcf7-text\" aria-invalid=\"false\" value=\"\" type=\"text\" name=\"your-subject\" \/><\/span>\n<\/p>\n<p>Message\n<\/p>\n<p><span class=\"wpcf7-form-control-wrap\" data-name=\"your-message\"><textarea cols=\"40\" rows=\"10\" maxlength=\"2000\" class=\"wpcf7-form-control wpcf7-textarea\" aria-invalid=\"false\" name=\"your-message\"><\/textarea><\/span>\n<\/p>\n<p><input class=\"wpcf7-form-control wpcf7-submit has-spinner\" type=\"submit\" value=\"Envoyer\" \/>\n<\/p><div class=\"wpcf7-response-output\" aria-hidden=\"true\"><\/div>\n<\/form>\n<\/div>\n\n\t\t<\/div> \n\t<\/div> \n\t\t<\/div> \n\t<\/div> \n<\/div><\/div><\/div><div    class=\"vc_row wpb_row section vc_row-fluid grid_section\" style='background-color:#ffffff; padding-top:30px; padding-bottom:40px; text-align:left;'><div class=\" section_inner clearfix\"><div class='section_inner_margin clearfix'>\n\t<div class=\"vc_col-sm-12 wpb_column vc_column_container\">\n\t\t<div class=\"wpb_wrapper\">\n\t\t\t\n\t<div class=\"wpb_text_column wpb_content_element \">\n\t\t<div class=\"wpb_wrapper\">\n\t\t\t<p style=\"text-align: right;\">Design web\u00a0: <a title=\"Design web - graphisme\" href=\"http:\/\/www.atelieratoca.com\">Atelier Atoca<\/a><\/p>\n\n\t\t<\/div> \n\t<\/div> \n\t\t<\/div> \n\t<\/div> \n<\/div><\/div><\/div>\n","protected":false},"excerpt":{"rendered":"L'HISTOIRE H\u00e9ritage familial, fabricant de troisi\u00e8me g\u00e9n\u00e9ration, depuis 30 ans, Dominique\u00a0Ouzilleau recherche, exp\u00e9rimente et cr\u00e9e des techniques uniques. Il est un\u00a0des seuls designers \u00e0 ma\u00eetriser parfaitement toutes les \u00e9tapes de fabrication\u00a0de v\u00eatements de fourrures. Plus qu\u2019un simple nom, il r\u00e9invente\u00a0continuellement la fa\u00e7on de fabriquer. Reconnu...","protected":false},"author":1,"featured_media":0,"parent":0,"menu_order":0,"comment_status":"open","ping_status":"open","template":"full_width.php","meta":{"footnotes":""},"class_list":["post-12","page","type-page","status-publish","hentry"],"_links":{"self":[{"href":"http:\/\/dominiqueouzilleau.com\/index.php?rest_route=\/wp\/v2\/pages\/12","targetHints":{"allow":["GET"]}}],"collection":[{"href":"http:\/\/dominiqueouzilleau.com\/index.php?rest_route=\/wp\/v2\/pages"}],"about":[{"href":"http:\/\/dominiqueouzilleau.com\/index.php?rest_route=\/wp\/v2\/types\/page"}],"author":[{"embeddable":true,"href":"http:\/\/dominiqueouzilleau.com\/index.php?rest_route=\/wp\/v2\/users\/1"}],"replies":[{"embeddable":true,"href":"http:\/\/dominiqueouzilleau.com\/index.php?rest_route=%2Fwp%2Fv2%2Fcomments&post=12"}],"version-history":[{"count":9,"href":"http:\/\/dominiqueouzilleau.com\/index.php?rest_route=\/wp\/v2\/pages\/12\/revisions"}],"predecessor-version":[{"id":15455,"href":"http:\/\/dominiqueouzilleau.com\/index.php?rest_route=\/wp\/v2\/pages\/12\/revisions\/15455"}],"wp:attachment":[{"href":"http:\/\/dominiqueouzilleau.com\/index.php?rest_route=%2Fwp%2Fv2%2Fmedia&parent=12"}],"curies":[{"name":"wp","href":"https:\/\/api.w.org\/{rel}","templated":true}]}}